{"id":61,"date":"2025-04-24T23:08:59","date_gmt":"2025-04-24T23:08:59","guid":{"rendered":"https:\/\/doblee.cl\/?page_id=61"},"modified":"2025-04-25T18:02:28","modified_gmt":"2025-04-25T18:02:28","slug":"61-2","status":"publish","type":"page","link":"https:\/\/doblee.cl\/","title":{"rendered":"Landing"},"content":{"rendered":"<p>[et_pb_section fb_built=\u00bb1&#8243; _builder_version=\u00bb4.27.4&#8243; _module_preset=\u00bbdefault\u00bb background_enable_color=\u00bboff\u00bb use_background_color_gradient=\u00bbon\u00bb background_color_gradient_direction=\u00bb269deg\u00bb background_color_gradient_stops=\u00bb#264f69 0%|rgba(255,255,255,0) 100%\u00bb background_color_gradient_overlays_image=\u00bbon\u00bb background_image=\u00bbhttps:\/\/doblee.cl\/wp-content\/uploads\/2025\/04\/6.png\u00bb width=\u00bb100%\u00bb custom_padding=\u00bb112px||80px|||\u00bb global_colors_info=\u00bb{}\u00bb][et_pb_row column_structure=\u00bb3_5,2_5&#8243; _builder_version=\u00bb4.27.4&#8243; _module_preset=\u00bbdefault\u00bb global_colors_info=\u00bb{}\u00bb][et_pb_column type=\u00bb3_5&#8243; _builder_version=\u00bb4.27.4&#8243; _module_preset=\u00bbdefault\u00bb global_colors_info=\u00bb{}\u00bb][\/et_pb_column][et_pb_column type=\u00bb2_5&#8243; _builder_version=\u00bb4.27.4&#8243; _module_preset=\u00bbdefault\u00bb global_colors_info=\u00bb{}\u00bb][et_pb_image src=\u00bbhttps:\/\/doblee.cl\/wp-content\/uploads\/2025\/04\/doble-E-blanco.png\u00bb title_text=\u00bbdoble E &#8211; blanco\u00bb align=\u00bbcenter\u00bb _builder_version=\u00bb4.27.4&#8243; _module_preset=\u00bbdefault\u00bb width=\u00bb100%\u00bb custom_margin=\u00bb-101px||||false|false\u00bb global_colors_info=\u00bb{}\u00bb][\/et_pb_image][et_pb_text _builder_version=\u00bb4.27.4&#8243; _module_preset=\u00bbdefault\u00bb text_font=\u00bbPoppins|500|||||||\u00bb text_text_color=\u00bb#FFFFFF\u00bb text_font_size=\u00bb36px\u00bb text_line_height=\u00bb0.6em\u00bb text_orientation=\u00bbright\u00bb custom_margin=\u00bb-110px||||false|false\u00bb global_colors_info=\u00bb{%22gcid-primary-color%22:%91%22link_text_color%22,%22link_text_color%22,%22link_text_color%22%93,%22gcid-heading-color%22:%91%22header_text_color%22,%22header_4_text_color%22,%22header_3_text_color%22,%22header_2_text_color%22,%22header_5_text_color%22,%22header_6_text_color%22,%22quote_text_color%22,%22header_text_color%22,%22header_4_text_color%22,%22header_3_text_color%22,%22header_2_text_color%22,%22header_5_text_color%22,%22header_6_text_color%22,%22quote_text_color%22,%22header_text_color%22,%22header_4_text_color%22,%22header_3_text_color%22,%22header_2_text_color%22,%22header_5_text_color%22,%22header_6_text_color%22,%22quote_text_color%22%93,%22gcid-secondary-color%22:%91%22quote_border_color%22,%22quote_border_color%22,%22quote_border_color%22%93}\u00bb]<\/p>\n<div class=\"page\" title=\"Page 1\">\n<div class=\"layoutArea\">\n<div class=\"column\">\n<p><span style=\"color: #ffffff;\">E\u0301tica y Experiencia en <\/span><\/p>\n<p><span style=\"color: #ffffff;\">Gestio\u0301n Inmobiliaria <\/span><\/p>\n<\/div>\n<\/div>\n<\/div>\n<p>[\/et_pb_text][et_pb_button button_url=\u00bbmailto:contacto@doblee.cl\u00bb url_new_window=\u00bbon\u00bb button_text=\u00bbContactar\u00bb button_alignment=\u00bbright\u00bb _builder_version=\u00bb4.27.4&#8243; _module_preset=\u00bbdefault\u00bb button_text_size=\u00bb17px\u00bb button_border_radius=\u00bb10px\u00bb button_font=\u00bbPoppins||||||||\u00bb background_layout=\u00bbdark\u00bb custom_padding=\u00bb4px|16px|4px|16px|true|true\u00bb global_colors_info=\u00bb{}\u00bb][\/et_pb_button][\/et_pb_column][\/et_pb_row][\/et_pb_section][et_pb_section fb_built=\u00bb1&#8243; module_id=\u00bbquienes_somos\u00bb _builder_version=\u00bb4.27.4&#8243; _module_preset=\u00bbdefault\u00bb custom_padding=\u00bb||19px|||\u00bb global_colors_info=\u00bb{}\u00bb][et_pb_row _builder_version=\u00bb4.27.4&#8243; _module_preset=\u00bbdefault\u00bb background_color=\u00bb#f7fbff\u00bb width=\u00bb100%\u00bb max_width=\u00bb1400px\u00bb module_alignment=\u00bbcenter\u00bb custom_margin=\u00bb-21px||||false|false\u00bb custom_padding=\u00bb27px|40px|27px|40px|true|true\u00bb border_radii=\u00bbon|47px|47px|47px|47px\u00bb global_colors_info=\u00bb{}\u00bb][et_pb_column type=\u00bb4_4&#8243; _builder_version=\u00bb4.27.4&#8243; _module_preset=\u00bbdefault\u00bb global_colors_info=\u00bb{}\u00bb][et_pb_text _builder_version=\u00bb4.27.4&#8243; _module_preset=\u00bbdefault\u00bb text_font=\u00bbPoppins|&#8211;et_global_body_font_weight|||||||\u00bb text_text_color=\u00bbgcid-d9a9394c-3864-4c1b-a0ea-b7d7e604cea0&#8243; text_font_size=\u00bb29px\u00bb text_orientation=\u00bbcenter\u00bb custom_margin=\u00bb||15px||false|false\u00bb global_colors_info=\u00bb{%22gcid-primary-color%22:%91%22link_text_color%22,%22link_text_color%22,%22link_text_color%22,%22link_text_color%22%93,%22gcid-heading-color%22:%91%22header_text_color%22,%22header_4_text_color%22,%22header_3_text_color%22,%22header_2_text_color%22,%22header_5_text_color%22,%22header_6_text_color%22,%22quote_text_color%22,%22header_text_color%22,%22header_4_text_color%22,%22header_3_text_color%22,%22header_2_text_color%22,%22header_5_text_color%22,%22header_6_text_color%22,%22quote_text_color%22,%22header_text_color%22,%22header_4_text_color%22,%22header_3_text_color%22,%22header_2_text_color%22,%22header_5_text_color%22,%22header_6_text_color%22,%22quote_text_color%22,%22header_text_color%22,%22header_4_text_color%22,%22header_3_text_color%22,%22header_2_text_color%22,%22header_5_text_color%22,%22header_6_text_color%22,%22quote_text_color%22%93,%22gcid-secondary-color%22:%91%22quote_border_color%22,%22quote_border_color%22,%22quote_border_color%22,%22quote_border_color%22%93,%22gcid-d9a9394c-3864-4c1b-a0ea-b7d7e604cea0%22:%91%22text_text_color%22%93}\u00bb]<\/p>\n<div class=\"page\" title=\"Page 1\">\n<div class=\"layoutArea\">\n<div class=\"column\">\n<p><span>\u00bfQuie\u0301nes Somos? <\/span><\/p>\n<\/div>\n<\/div>\n<\/div>\n<p>[\/et_pb_text][et_pb_text _builder_version=\u00bb4.27.4&#8243; _module_preset=\u00bbdefault\u00bb text_font=\u00bbPoppins|300|||||||\u00bb text_text_color=\u00bbgcid-d9a9394c-3864-4c1b-a0ea-b7d7e604cea0&#8243; text_font_size=\u00bb20px\u00bb text_orientation=\u00bbcenter\u00bb global_colors_info=\u00bb{%22gcid-primary-color%22:%91%22link_text_color%22%93,%22gcid-heading-color%22:%91%22header_text_color%22,%22header_4_text_color%22,%22header_3_text_color%22,%22header_2_text_color%22,%22header_5_text_color%22,%22header_6_text_color%22,%22quote_text_color%22%93,%22gcid-secondary-color%22:%91%22quote_border_color%22%93,%22gcid-d9a9394c-3864-4c1b-a0ea-b7d7e604cea0%22:%91%22text_text_color%22%93}\u00bb]<\/p>\n<div class=\"page\" title=\"Page 1\">\n<div class=\"layoutArea\">\n<div class=\"column\">\n<p class=\"p1\">Somos una empresa que nace a partir de nuestra experiencia en el rubro inmobiliario y en la administraci\u00f3n de condominios, donde hemos identificado m\u00faltiples oportunidades de mejora en la gesti\u00f3n del sector. Nos caracteriza el entusiasmo, la empat\u00eda y el compromiso por hacer las cosas bien, enfoc\u00e1ndonos exclusivamente en clientes a quienes podamos atender con un servicio de calidad, respaldado por la \u00e9tica y experiencia que nos define.<\/p>\n<p class=\"p1\">En dobleE contamos con un peque\u00f1o gran equipo, adem\u00e1s del apoyo de una oficina contable especializada, que nos asesora en todo lo necesario para llevar a cabo una gesti\u00f3n de excelencia.<\/p>\n<\/div>\n<\/div>\n<\/div>\n<p>[\/et_pb_text][\/et_pb_column][\/et_pb_row][\/et_pb_section][et_pb_section fb_built=\u00bb1&#8243; _builder_version=\u00bb4.27.4&#8243; _module_preset=\u00bbdefault\u00bb global_colors_info=\u00bb{}\u00bb][et_pb_row _builder_version=\u00bb4.27.4&#8243; _module_preset=\u00bbdefault\u00bb global_colors_info=\u00bb{}\u00bb][et_pb_column type=\u00bb4_4&#8243; _builder_version=\u00bb4.27.4&#8243; _module_preset=\u00bbdefault\u00bb global_colors_info=\u00bb{}\u00bb][et_pb_image src=\u00bbhttps:\/\/doblee.cl\/wp-content\/uploads\/2025\/04\/descripcion_Mesa-de-trabajo-1-scaled.png\u00bb title_text=\u00bbdescripcio\u0301n_Mesa de trabajo 1&#8243; _builder_version=\u00bb4.27.4&#8243; _module_preset=\u00bbdefault\u00bb custom_margin=\u00bb|100px||-100px|false|false\u00bb global_colors_info=\u00bb{}\u00bb][\/et_pb_image][et_pb_image src=\u00bbhttps:\/\/doblee.cl\/wp-content\/uploads\/2025\/04\/descripcion_Mesa-de-trabajo-1-copia-2-scaled.png\u00bb title_text=\u00bbdescripcio\u0301n_Mesa de trabajo 1 copia 2&#8243; _builder_version=\u00bb4.27.4&#8243; _module_preset=\u00bbdefault\u00bb custom_margin=\u00bb|-100px||100px|false|false\u00bb global_colors_info=\u00bb{}\u00bb][\/et_pb_image][\/et_pb_column][\/et_pb_row][\/et_pb_section][et_pb_section fb_built=\u00bb1&#8243; _builder_version=\u00bb4.27.4&#8243; _module_preset=\u00bbdefault\u00bb background_color=\u00bb#f6f4f3&#8243; global_colors_info=\u00bb{}\u00bb][et_pb_row _builder_version=\u00bb4.27.4&#8243; _module_preset=\u00bbdefault\u00bb width=\u00bb100%\u00bb max_width=\u00bb1300px\u00bb global_colors_info=\u00bb{}\u00bb][et_pb_column type=\u00bb4_4&#8243; _builder_version=\u00bb4.27.4&#8243; _module_preset=\u00bbdefault\u00bb global_colors_info=\u00bb{}\u00bb][et_pb_text _builder_version=\u00bb4.27.4&#8243; _module_preset=\u00bbdefault\u00bb text_font=\u00bbPoppins||||||||\u00bb text_text_color=\u00bbgcid-d9a9394c-3864-4c1b-a0ea-b7d7e604cea0&#8243; text_font_size=\u00bb25px\u00bb text_orientation=\u00bbcenter\u00bb max_width=\u00bb1440px\u00bb global_colors_info=\u00bb{%22gcid-primary-color%22:%91%22link_text_color%22%93,%22gcid-heading-color%22:%91%22header_text_color%22,%22header_4_text_color%22,%22header_3_text_color%22,%22header_2_text_color%22,%22header_5_text_color%22,%22header_6_text_color%22,%22quote_text_color%22%93,%22gcid-secondary-color%22:%91%22quote_border_color%22%93,%22gcid-d9a9394c-3864-4c1b-a0ea-b7d7e604cea0%22:%91%22text_text_color%22%93}\u00bb]<\/p>\n<div class=\"page\" title=\"Page 1\">\n<div class=\"layoutArea\">\n<div class=\"column\">\n<p><span>Nuestro objetivo es convertir cada desafi\u0301o en una oportunidad y cada proceso en una experiencia positiva, ayuda\u0301ndolos a tomar decisiones informadas y orientadas a sus metas. <\/span><\/p>\n<p><span>En dobleE trabajamos bajo un esta\u0301ndar de servicio excepcional y nos esforzamos en aportar nuestra experiencia y conocimientos para que encuentren la mejor solucio\u0301n a las necesidades inmobiliarias. <\/span><\/p>\n<\/div>\n<\/div>\n<\/div>\n<p>[\/et_pb_text][\/et_pb_column][\/et_pb_row][\/et_pb_section][et_pb_section fb_built=\u00bb1&#8243; module_id=\u00bbnuestros_servicios\u00bb _builder_version=\u00bb4.27.4&#8243; _module_preset=\u00bbdefault\u00bb custom_padding=\u00bb50px|||||\u00bb global_colors_info=\u00bb{}\u00bb][et_pb_row column_structure=\u00bb1_2,1_2&#8243; _builder_version=\u00bb4.27.4&#8243; _module_preset=\u00bbdefault\u00bb global_colors_info=\u00bb{}\u00bb][et_pb_column type=\u00bb1_2&#8243; _builder_version=\u00bb4.27.4&#8243; _module_preset=\u00bbdefault\u00bb global_colors_info=\u00bb{}\u00bb][et_pb_image src=\u00bbhttps:\/\/doblee.cl\/wp-content\/uploads\/2025\/04\/Group-3-opti.png\u00bb title_text=\u00bbGroup-3-opti\u00bb _builder_version=\u00bb4.27.4&#8243; _module_preset=\u00bbdefault\u00bb global_colors_info=\u00bb{}\u00bb][\/et_pb_image][\/et_pb_column][et_pb_column type=\u00bb1_2&#8243; _builder_version=\u00bb4.27.4&#8243; _module_preset=\u00bbdefault\u00bb custom_padding=\u00bb37px||||false|false\u00bb global_colors_info=\u00bb{}\u00bb][et_pb_text _builder_version=\u00bb4.27.4&#8243; _module_preset=\u00bbdefault\u00bb text_font=\u00bbPoppins|500|||||||\u00bb text_text_color=\u00bbgcid-d9a9394c-3864-4c1b-a0ea-b7d7e604cea0&#8243; text_font_size=\u00bb32px\u00bb global_colors_info=\u00bb{%22gcid-primary-color%22:%91%22link_text_color%22,%22link_text_color%22,%22link_text_color%22,%22link_text_color%22,%22link_text_color%22%93,%22gcid-heading-color%22:%91%22header_text_color%22,%22header_4_text_color%22,%22header_3_text_color%22,%22header_2_text_color%22,%22header_5_text_color%22,%22header_6_text_color%22,%22quote_text_color%22,%22header_text_color%22,%22header_4_text_color%22,%22header_3_text_color%22,%22header_2_text_color%22,%22header_5_text_color%22,%22header_6_text_color%22,%22quote_text_color%22,%22header_text_color%22,%22header_4_text_color%22,%22header_3_text_color%22,%22header_2_text_color%22,%22header_5_text_color%22,%22header_6_text_color%22,%22quote_text_color%22,%22header_text_color%22,%22header_4_text_color%22,%22header_3_text_color%22,%22header_2_text_color%22,%22header_5_text_color%22,%22header_6_text_color%22,%22quote_text_color%22,%22header_text_color%22,%22header_4_text_color%22,%22header_3_text_color%22,%22header_2_text_color%22,%22header_5_text_color%22,%22header_6_text_color%22,%22quote_text_color%22%93,%22gcid-secondary-color%22:%91%22quote_border_color%22,%22quote_border_color%22,%22quote_border_color%22,%22quote_border_color%22,%22quote_border_color%22%93,%22gcid-d9a9394c-3864-4c1b-a0ea-b7d7e604cea0%22:%91%22text_text_color%22%93}\u00bb]<\/p>\n<div class=\"page\" title=\"Page 1\">\n<div class=\"layoutArea\">\n<div class=\"column\">\n<p><span>Nuestros Servicios <\/span><\/p>\n<\/div>\n<\/div>\n<\/div>\n<p>[\/et_pb_text][et_pb_text ul_position=\u00bbinside\u00bb module_id=\u00bbsessions\u00bb module_class=\u00bbsessions\u00bb _builder_version=\u00bb4.27.4&#8243; _module_preset=\u00bbdefault\u00bb text_font=\u00bbPoppins|&#8211;et_global_body_font_weight|||||||\u00bb ul_font=\u00bbPoppins|300|||||||\u00bb ul_text_align=\u00bbleft\u00bb ul_text_color=\u00bb#a69b8d\u00bb ul_font_size=\u00bb17px\u00bb ul_line_height=\u00bb2.1em\u00bb header_font=\u00bbPoppins|&#8211;et_global_heading_font_weight|||||||\u00bb header_text_color=\u00bb#000000&#8243; header_font_size=\u00bb76px\u00bb global_colors_info=\u00bb{%22gcid-primary-color%22:%91%22link_text_color%22,%22link_text_color%22,%22link_text_color%22,%22link_text_color%22,%22link_text_color%22,%22link_text_color%22,%22link_text_color%22%93,%22gcid-heading-color%22:%91%22header_text_color%22,%22header_4_text_color%22,%22header_3_text_color%22,%22header_2_text_color%22,%22header_5_text_color%22,%22header_6_text_color%22,%22quote_text_color%22,%22header_text_color%22,%22header_4_text_color%22,%22header_3_text_color%22,%22header_2_text_color%22,%22header_5_text_color%22,%22header_6_text_color%22,%22quote_text_color%22,%22header_text_color%22,%22header_4_text_color%22,%22header_3_text_color%22,%22header_2_text_color%22,%22header_5_text_color%22,%22header_6_text_color%22,%22quote_text_color%22,%22header_4_text_color%22,%22header_3_text_color%22,%22header_2_text_color%22,%22header_5_text_color%22,%22header_6_text_color%22,%22quote_text_color%22,%22header_4_text_color%22,%22header_3_text_color%22,%22header_2_text_color%22,%22header_5_text_color%22,%22header_6_text_color%22,%22quote_text_color%22,%22header_4_text_color%22,%22header_3_text_color%22,%22header_2_text_color%22,%22header_5_text_color%22,%22header_6_text_color%22,%22quote_text_color%22,%22header_4_text_color%22,%22header_3_text_color%22,%22header_2_text_color%22,%22header_5_text_color%22,%22header_6_text_color%22,%22quote_text_color%22%93,%22gcid-secondary-color%22:%91%22quote_border_color%22,%22quote_border_color%22,%22quote_border_color%22,%22quote_border_color%22,%22quote_border_color%22,%22quote_border_color%22,%22quote_border_color%22%93,%22gcid-body-color%22:%91%22text_text_color%22%93}\u00bb]<\/p>\n<div class=\"page\" title=\"Page 1\">\n<div class=\"layoutArea\">\n<div class=\"column\">\n<ul>\n<li><span style=\"color: #144361;\">Administracio\u0301n de Condominios<\/span><\/li>\n<li><span style=\"color: #144361;\">Corretaje de Propiedades<\/span><\/li>\n<li><span style=\"color: #144361;\">Administracio\u0301n de Propiedades<\/span><\/li>\n<li><span style=\"color: #144361;\">Inspeccio\u0301n de Propiedades<\/span><\/li>\n<\/ul>\n<\/div>\n<\/div>\n<\/div>\n<p>[\/et_pb_text][et_pb_code _builder_version=\u00bb4.27.4&#8243; _module_preset=\u00bbdefault\u00bb global_colors_info=\u00bb{}\u00bb]<\/p>\n<style><!-- [et_pb_line_break_holder] -->\/* Sessions list only *\/<!-- [et_pb_line_break_holder] -->.sessions {<!-- [et_pb_line_break_holder] -->  margin-top: 0rem;<!-- [et_pb_line_break_holder] -->  border-radius: 12px;<!-- [et_pb_line_break_holder] -->  position: relative;<!-- [et_pb_line_break_holder] -->}<!-- [et_pb_line_break_holder] --><!-- [et_pb_line_break_holder] -->\/* STYLE ONLY INSIDE .sessions *\/<!-- [et_pb_line_break_holder] -->.sessions ul {<!-- [et_pb_line_break_holder] -->  padding: 0;<!-- [et_pb_line_break_holder] -->}<!-- [et_pb_line_break_holder] --><!-- [et_pb_line_break_holder] -->.sessions li {<!-- [et_pb_line_break_holder] -->  display: block;<!-- [et_pb_line_break_holder] -->  padding-left: 20px;<!-- [et_pb_line_break_holder] -->  margin-left: 10px;<!-- [et_pb_line_break_holder] -->  padding-bottom: 2rem;<!-- [et_pb_line_break_holder] -->  border-left: 2px solid transparent;<!-- [et_pb_line_break_holder] -->  border-image: repeating-linear-gradient(<!-- [et_pb_line_break_holder] -->    to bottom,<!-- [et_pb_line_break_holder] -->    #A69B8E 8px,<!-- [et_pb_line_break_holder] -->    #A69B8E 13px,<!-- [et_pb_line_break_holder] -->    transparent 10px,<!-- [et_pb_line_break_holder] -->    transparent 20px<!-- [et_pb_line_break_holder] -->  ) 1;<!-- [et_pb_line_break_holder] -->  position: relative;<!-- [et_pb_line_break_holder] -->}<!-- [et_pb_line_break_holder] --><!-- [et_pb_line_break_holder] -->.sessions li:last-child {<!-- [et_pb_line_break_holder] -->  border-left: 0;<!-- [et_pb_line_break_holder] -->  padding-bottom: 0;<!-- [et_pb_line_break_holder] -->}<!-- [et_pb_line_break_holder] --><!-- [et_pb_line_break_holder] -->\/* Custom bullets inside .sessions *\/<!-- [et_pb_line_break_holder] -->.sessions li::before {<!-- [et_pb_line_break_holder] -->  margin-top: 1px;<!-- [et_pb_line_break_holder] -->  content: '';<!-- [et_pb_line_break_holder] -->  width: 15px;<!-- [et_pb_line_break_holder] -->  height: 15px;<!-- [et_pb_line_break_holder] -->  background: #A69B8E;<!-- [et_pb_line_break_holder] -->  border: 2px solid #A69B8E;<!-- [et_pb_line_break_holder] -->  border-radius: 50%;<!-- [et_pb_line_break_holder] -->  position: absolute;<!-- [et_pb_line_break_holder] -->  left: -10px;<!-- [et_pb_line_break_holder] -->  top: 0;<!-- [et_pb_line_break_holder] -->}<!-- [et_pb_line_break_holder] --><!-- [et_pb_line_break_holder] --><\/style>\n<p>[\/et_pb_code][\/et_pb_column][\/et_pb_row][\/et_pb_section][et_pb_section fb_built=\u00bb1&#8243; module_id=\u00bbnuestra_mision\u00bb _builder_version=\u00bb4.27.4&#8243; _module_preset=\u00bbdefault\u00bb background_image=\u00bbhttps:\/\/doblee.cl\/wp-content\/uploads\/2025\/04\/Group-4-scaled.png\u00bb background_size=\u00bbcustom\u00bb background_image_width=\u00bb94%\u00bb width=\u00bb100%\u00bb custom_padding=\u00bb50px||105px|||\u00bb global_colors_info=\u00bb{}\u00bb][et_pb_row _builder_version=\u00bb4.27.4&#8243; _module_preset=\u00bbdefault\u00bb background_color=\u00bb#f7fbff\u00bb width=\u00bb100%\u00bb max_width=\u00bb1100px\u00bb custom_padding=\u00bb40px|60px|40px|60px|true|true\u00bb hover_enabled=\u00bb0&#8243; border_radii=\u00bbon|38px|38px|38px|38px\u00bb global_colors_info=\u00bb{}\u00bb sticky_enabled=\u00bb0&#8243;][et_pb_column type=\u00bb4_4&#8243; _builder_version=\u00bb4.27.4&#8243; _module_preset=\u00bbdefault\u00bb global_colors_info=\u00bb{}\u00bb][et_pb_text _builder_version=\u00bb4.27.4&#8243; _module_preset=\u00bbdefault\u00bb text_font=\u00bbPoppins|500|||||||\u00bb text_text_color=\u00bbgcid-d9a9394c-3864-4c1b-a0ea-b7d7e604cea0&#8243; text_font_size=\u00bb28px\u00bb text_orientation=\u00bbcenter\u00bb global_colors_info=\u00bb{%22gcid-primary-color%22:%91%22link_text_color%22%93,%22gcid-heading-color%22:%91%22header_text_color%22,%22header_4_text_color%22,%22header_3_text_color%22,%22header_2_text_color%22,%22header_5_text_color%22,%22header_6_text_color%22,%22quote_text_color%22%93,%22gcid-secondary-color%22:%91%22quote_border_color%22%93,%22gcid-d9a9394c-3864-4c1b-a0ea-b7d7e604cea0%22:%91%22text_text_color%22%93}\u00bb]<\/p>\n<div class=\"page\" title=\"Page 1\">\n<div class=\"layoutArea\">\n<div class=\"column\">\n<p><span>Nuestra Misio\u0301n <\/span><\/p>\n<\/div>\n<\/div>\n<\/div>\n<p>[\/et_pb_text][et_pb_text _builder_version=\u00bb4.27.4&#8243; _module_preset=\u00bbdefault\u00bb text_font=\u00bbPoppins|300|||||||\u00bb text_text_color=\u00bbgcid-d9a9394c-3864-4c1b-a0ea-b7d7e604cea0&#8243; text_font_size=\u00bb19px\u00bb text_orientation=\u00bbcenter\u00bb global_colors_info=\u00bb{%22gcid-primary-color%22:%91%22link_text_color%22,%22link_text_color%22%93,%22gcid-heading-color%22:%91%22header_text_color%22,%22header_4_text_color%22,%22header_3_text_color%22,%22header_2_text_color%22,%22header_5_text_color%22,%22header_6_text_color%22,%22quote_text_color%22,%22header_text_color%22,%22header_4_text_color%22,%22header_3_text_color%22,%22header_2_text_color%22,%22header_5_text_color%22,%22header_6_text_color%22,%22quote_text_color%22%93,%22gcid-secondary-color%22:%91%22quote_border_color%22,%22quote_border_color%22%93,%22gcid-d9a9394c-3864-4c1b-a0ea-b7d7e604cea0%22:%91%22text_text_color%22%93}\u00bb]<\/p>\n<div class=\"page\" title=\"Page 1\">\n<div class=\"layoutArea\">\n<div class=\"column\">\n<p><span>dobleE, e\u0301tica y experiencia en gestio\u0301n inmobiliaria, nace para entregar un servicio de calidad en el a\u0301mbito inmobiliario, tanto en la administracio\u0301n de comunidades como en el corretaje y administracio\u0301n de propiedades.<\/span><span>\u00a0\u2028\u2028 <\/span><\/p>\n<p><span>Nuestro compromiso es ser una empresa cercana, presente yprofesional, esforza\u0301ndonos por entregar un servicio de calidadque mejora continuamente<\/span><span>.\u2028\u2028 <\/span><\/p>\n<p><span>Sabemos que una buena gestio\u0301n se realiza conforme aprocedimientos, leyes, recursos y otros factores que se debenadministrar de manera eficaz y eficiente para un o\u0301ptimoresultado. Es por esto que confiamos en que somos un equipoaltamente calificado para este tipo de desafi\u0301os. <\/span><\/p>\n<\/div>\n<\/div>\n<\/div>\n<p>[\/et_pb_text][\/et_pb_column][\/et_pb_row][\/et_pb_section]<\/p>\n","protected":false},"excerpt":{"rendered":"<p>E\u0301tica y Experiencia en Gestio\u0301n Inmobiliaria \u00bfQuie\u0301nes Somos? Somos una empresa que nace a partir de nuestra experiencia en el rubro inmobiliario y en la administraci\u00f3n de condominios, donde hemos identificado m\u00faltiples oportunidades de mejora en la gesti\u00f3n del sector. Nos caracteriza el entusiasmo, la empat\u00eda y el compromiso por hacer las cosas bien, enfoc\u00e1ndonos [&hellip;]<\/p>\n","protected":false},"author":1,"featured_media":0,"parent":0,"menu_order":0,"comment_status":"closed","ping_status":"closed","template":"","meta":{"_et_pb_use_builder":"on","_et_pb_old_content":"","_et_gb_content_width":"","footnotes":""},"class_list":["post-61","page","type-page","status-publish","hentry"],"_links":{"self":[{"href":"https:\/\/doblee.cl\/index.php\/wp-json\/wp\/v2\/pages\/61","targetHints":{"allow":["GET"]}}],"collection":[{"href":"https:\/\/doblee.cl\/index.php\/wp-json\/wp\/v2\/pages"}],"about":[{"href":"https:\/\/doblee.cl\/index.php\/wp-json\/wp\/v2\/types\/page"}],"author":[{"embeddable":true,"href":"https:\/\/doblee.cl\/index.php\/wp-json\/wp\/v2\/users\/1"}],"replies":[{"embeddable":true,"href":"https:\/\/doblee.cl\/index.php\/wp-json\/wp\/v2\/comments?post=61"}],"version-history":[{"count":15,"href":"https:\/\/doblee.cl\/index.php\/wp-json\/wp\/v2\/pages\/61\/revisions"}],"predecessor-version":[{"id":135,"href":"https:\/\/doblee.cl\/index.php\/wp-json\/wp\/v2\/pages\/61\/revisions\/135"}],"wp:attachment":[{"href":"https:\/\/doblee.cl\/index.php\/wp-json\/wp\/v2\/media?parent=61"}],"curies":[{"name":"wp","href":"https:\/\/api.w.org\/{rel}","templated":true}]}}